{"id":473,"date":"2021-08-28T15:42:28","date_gmt":"2021-08-28T15:42:28","guid":{"rendered":"https:\/\/storeseo.com\/?page_id=473"},"modified":"2025-10-07T09:54:57","modified_gmt":"2025-10-07T09:54:57","slug":"privacy-policy","status":"publish","type":"page","link":"https:\/\/storeseo.com\/de\/privacy-policy\/","title":{"rendered":"Datenschutzrichtlinie"},"content":{"rendered":"<p><b>Zuletzt aktualisiert: <\/b><strong>7. Oktober 2025<\/strong><\/p>\n<p><span style=\"font-weight: 400;\">Diese Datenschutzrichtlinie erl\u00e4utert, wie StoreSEO Ihre Daten sammelt, verwendet und sch\u00fctzt.<\/span><\/p>\n<h2><b>1. Einleitung<\/b><\/h2>\n<p><span style=\"font-weight: 400;\">StoreSEO verpflichtet sich zum Schutz Ihrer Privatsph\u00e4re. Diese Richtlinie erkl\u00e4rt, welche Daten wir sammeln, warum und wie Sie Ihre Rechte aus\u00fcben k\u00f6nnen.<\/span><\/p>\n<h2><b>2. Von uns erhobene Daten<\/b><\/h2>\n<ul>\n<li style=\"font-weight: 400;\" aria-level=\"1\"><b>Grundlegende Informationen zum Shopify Store:<\/b><span style=\"font-weight: 400;\"> F\u00fcr personalisierte Berichte<\/span><\/li>\n<li style=\"font-weight: 400;\" aria-level=\"1\"><b>Zus\u00e4tzliche Shopify Store-Daten:<\/b><span style=\"font-weight: 400;\"> Produkte, Sammlungen, Seiten und Artikel (zur SEO-Optimierung)<\/span><\/li>\n<li style=\"font-weight: 400;\" aria-level=\"1\"><b>Nutzungsdaten:<\/b><span style=\"font-weight: 400;\"> App-Aktivit\u00e4t, Funktionsnutzung, Protokolle (f\u00fcr Leistung und Fehlerbehebung)<\/span><\/li>\n<li style=\"font-weight: 400;\" aria-level=\"1\"><b>E-Mail (gehasht):<\/b><span style=\"font-weight: 400;\"> F\u00fcr Meta Conversions API, Analysen und Attributions-Tracking<\/span><\/li>\n<\/ul>\n<p><span style=\"font-weight: 400;\">F\u00fcr die Google-Integration in Ihren Shopify-Shop mithilfe von StoreSEO m\u00fcssen wir die erforderlichen Schritte mithilfe der API automatisieren. Dazu ben\u00f6tigen wir Zugriff auf die folgenden Benutzerbereiche:\u00a0<\/span><\/p>\n<ul>\n<li aria-level=\"1\"><a href=\"https:\/\/www.googleapis.com\/auth\/userinfo.email\" target=\"_blank\" rel=\"noopener\"><b>E-Mail<\/b><\/a><\/li>\n<\/ul>\n<ul>\n<li aria-level=\"1\"><a href=\"https:\/\/www.googleapis.com\/auth\/siteverification\" target=\"_blank\" rel=\"noopener\"><b>Site-Verifizierung<\/b><\/a><\/li>\n<\/ul>\n<ul>\n<li aria-level=\"1\"><a href=\"https:\/\/www.googleapis.com\/auth\/webmasters\" target=\"_blank\" rel=\"noopener\"><b>Google Search Console<\/b><\/a><\/li>\n<\/ul>\n<ul>\n<li aria-level=\"1\"><a href=\"https:\/\/www.googleapis.com\/auth\/indexing\" target=\"_blank\" rel=\"noopener\"><b>Sofortige Indizierung<\/b><\/a><\/li>\n<\/ul>\n<ul>\n<li aria-level=\"1\"><a href=\"https:\/\/www.googleapis.com\/auth\/analytics\" target=\"_blank\" rel=\"noopener\"><b>Google Analytics GA4<\/b><\/a><\/li>\n<\/ul>\n<h2><b>3. Zweck der Verarbeitung<\/b><\/h2>\n<p><span style=\"font-weight: 400;\">Wir verwenden die gesammelten Daten, um:<\/span><\/p>\n<ul>\n<li style=\"font-weight: 400;\" aria-level=\"1\"><span style=\"font-weight: 400;\">Bereitstellung und Verbesserung unserer Dienste.<\/span><\/li>\n<li style=\"font-weight: 400;\" aria-level=\"1\"><span style=\"font-weight: 400;\">Stellen Sie SEO-Berichte und Einblicke bereit.<\/span><\/li>\n<li style=\"font-weight: 400;\" aria-level=\"1\"><span style=\"font-weight: 400;\">Verbessern Sie das Benutzererlebnis.<\/span><\/li>\n<li style=\"font-weight: 400;\" aria-level=\"1\"><span style=\"font-weight: 400;\">F\u00fchren Sie Analysen und Marketing durch (nur mit Zustimmung).<\/span><\/li>\n<\/ul>\n<h2><b>4. Rechtsgrundlagen<\/b><\/h2>\n<p><span style=\"font-weight: 400;\">Wir verarbeiten Daten auf Grundlage von:<\/span><\/p>\n<ul>\n<li style=\"font-weight: 400;\" aria-level=\"1\"><b>Vertragliche Notwendigkeit:<\/b><span style=\"font-weight: 400;\"> Um StoreSEO-Funktionen bereitzustellen.<\/span><\/li>\n<li style=\"font-weight: 400;\" aria-level=\"1\"><b>Zustimmung:<\/b><span style=\"font-weight: 400;\"> F\u00fcr Meta Conversions API (gehashte E-Mail, Analysen, Remarketing). Benutzer werden informiert und m\u00fcssen vor der Aktivierung ihre Zustimmung geben.<\/span><\/li>\n<li style=\"font-weight: 400;\" aria-level=\"1\"><b>Berechtigte Interessen:<\/b><span style=\"font-weight: 400;\"> Um unsere Dienste zu verbessern und zu sichern.<\/span><\/li>\n<\/ul>\n<p><span style=\"font-weight: 400;\">Wir halten uns auch an <\/span><a href=\"https:\/\/help.shopify.com\/en\/manual\/privacy-and-security\/privacy\/gdpr\" target=\"_blank\" rel=\"noopener\"><b>Shopifys DSGVO-Richtlinien<\/b><\/a><span style=\"font-weight: 400;\">.<\/span><\/p>\n<h2><b>5. Datenweitergabe<\/b><\/h2>\n<p><span style=\"font-weight: 400;\">Wir k\u00f6nnen Daten weitergeben an:<\/span><\/p>\n<ul>\n<li style=\"font-weight: 400;\" aria-level=\"1\"><span style=\"font-weight: 400;\">Shopify (Abrechnung und App-Funktionalit\u00e4t).<\/span><\/li>\n<li style=\"font-weight: 400;\" aria-level=\"1\"><span style=\"font-weight: 400;\">Analyseanbieter (Google Analytics, Meta Ads usw.).<\/span><\/li>\n<li style=\"font-weight: 400;\" aria-level=\"1\"><span style=\"font-weight: 400;\">Hosting- und Infrastrukturpartner.<\/span><\/li>\n<\/ul>\n<p><span style=\"font-weight: 400;\">Alle Partner unterliegen den Datenschutzbestimmungen.<\/span><\/p>\n<h2><b>6. Marketingkommunikation<\/b><\/h2>\n<p><span style=\"font-weight: 400;\">Wenn Sie StoreSEO Ihre E-Mail-Adresse mitteilen (z. B. \u00fcber die Installation, die Newsletter-Anmeldung oder den Kundensupport), k\u00f6nnen wir diese verwenden, um Ihnen Marketingmitteilungen, Produktaktualisierungen, Werbeaktionen und Schulungsinhalte im Zusammenhang mit StoreSEO- und Storeware-Produkten zu senden.<\/span><\/p>\n<p><span style=\"font-weight: 400;\">Sie k\u00f6nnen Marketing-E-Mails jederzeit abbestellen, indem Sie in unseren E-Mails auf den Abmeldelink klicken oder uns direkt kontaktieren.<\/span><\/p>\n<p><span style=\"font-weight: 400;\">Wir werden Ihre E-Mail-Adresse niemals f\u00fcr Marketingzwecke Dritter verkaufen oder weitergeben.<\/span><\/p>\n<h2><b>7. Datenspeicherung<\/b><\/h2>\n<p><span style=\"font-weight: 400;\">Wir speichern Daten nur so lange wie n\u00f6tig. Wenn Sie StoreSEO deinstallieren, werden Ihre Kontodaten innerhalb einer angemessenen Frist gel\u00f6scht oder anonymisiert, vorbehaltlich gesetzlicher Anforderungen.<\/span><\/p>\n<h2><b>8. Nutzerrechte<\/b><\/h2>\n<p><span style=\"font-weight: 400;\">Sie haben das Recht:<\/span><\/p>\n<ul>\n<li style=\"font-weight: 400;\" aria-level=\"1\"><span style=\"font-weight: 400;\">Greifen Sie auf Ihre Daten zu.<\/span><\/li>\n<li style=\"font-weight: 400;\" aria-level=\"1\"><span style=\"font-weight: 400;\">Korrektur oder L\u00f6schung anfordern.<\/span><\/li>\n<li style=\"font-weight: 400;\" aria-level=\"1\"><span style=\"font-weight: 400;\">Widerspruch gegen die Verarbeitung.<\/span><\/li>\n<li style=\"font-weight: 400;\" aria-level=\"1\"><span style=\"font-weight: 400;\">Einwilligung widerrufen (sofern zutreffend).<\/span><\/li>\n<\/ul>\n<p><span style=\"font-weight: 400;\">Kontaktieren Sie uns, um diese Rechte auszu\u00fcben.<\/span><\/p>\n<h2><b>9. Datensicherheit<\/b><\/h2>\n<p><span style=\"font-weight: 400;\">Wir verwenden Verschl\u00fcsselung, sichere Infrastruktur und Zugriffskontrollen, um Daten zu sch\u00fctzen.<\/span><\/p>\n<h2><b>10. Internationale \u00dcbermittlungen<\/b><\/h2>\n<p><span style=\"font-weight: 400;\">Wenn Daten au\u00dferhalb Ihrer Region (z. B. EWR) \u00fcbertragen werden, werden Sicherheitsvorkehrungen wie Standardvertragsklauseln angewendet.<\/span><\/p>\n<h2><b>11. Cookies &amp; Pixel<\/b><\/h2>\n<p><span style=\"font-weight: 400;\">Wir verwenden Cookies und \u00e4hnliche Technologien, um die Leistung zu verbessern. Pixel-Tracking, das gehashte E-Mails verwendet, erfordert <\/span><b>Zustimmung des Nutzers<\/b><span style=\"font-weight: 400;\"> vor der Aktivierung.<\/span><\/p>\n<h2><b>12. Richtlinienaktualisierungen<\/b><\/h2>\n<p><span style=\"font-weight: 400;\">Wir k\u00f6nnen diese Datenschutzrichtlinie aktualisieren. Die fortgesetzte Nutzung nach \u00c4nderungen gilt als Zustimmung.<\/span><\/p>\n<h2><b>13. Kontakt<\/b><\/h2>\n<p><span style=\"font-weight: 400;\">Fragen? Kontaktieren Sie uns unter: <\/span><a href=\"https:\/\/storeseo.com\/de\/contact-us\/\"><b>https:\/\/storeseo.com\/contact-us\/<\/b><\/a><b>\u00a0<\/b><\/p>","protected":false},"excerpt":{"rendered":"<p>Last Updated: 7th October, 2025 This Privacy Policy explains how StoreSEO collects, uses, and protects your data. 1. Introduction StoreSEO is committed to protecting your privacy. This policy explains what data we collect, why, and how you can exercise your rights. 2. Data We Collect Basic Information of Shopify Store: For personalized reporting Additional Shopify [&hellip;]<\/p>\n","protected":false},"author":3,"featured_media":11708,"parent":0,"menu_order":0,"comment_status":"closed","ping_status":"closed","template":"","meta":{"_eb_attr":"","inline_featured_image":false,"_eb_data_table":"","footnotes":""},"class_list":["post-473","page","type-page","status-publish","has-post-thumbnail","hentry"],"_links":{"self":[{"href":"https:\/\/storeseo.com\/de\/wp-json\/wp\/v2\/pages\/473","targetHints":{"allow":["GET"]}}],"collection":[{"href":"https:\/\/storeseo.com\/de\/wp-json\/wp\/v2\/pages"}],"about":[{"href":"https:\/\/storeseo.com\/de\/wp-json\/wp\/v2\/types\/page"}],"author":[{"embeddable":true,"href":"https:\/\/storeseo.com\/de\/wp-json\/wp\/v2\/users\/3"}],"replies":[{"embeddable":true,"href":"https:\/\/storeseo.com\/de\/wp-json\/wp\/v2\/comments?post=473"}],"version-history":[{"count":49,"href":"https:\/\/storeseo.com\/de\/wp-json\/wp\/v2\/pages\/473\/revisions"}],"predecessor-version":[{"id":13311,"href":"https:\/\/storeseo.com\/de\/wp-json\/wp\/v2\/pages\/473\/revisions\/13311"}],"wp:featuredmedia":[{"embeddable":true,"href":"https:\/\/storeseo.com\/de\/wp-json\/wp\/v2\/media\/11708"}],"wp:attachment":[{"href":"https:\/\/storeseo.com\/de\/wp-json\/wp\/v2\/media?parent=473"}],"curies":[{"name":"wp","href":"https:\/\/api.w.org\/{rel}","templated":true}]}}