{"id":473,"date":"2021-08-28T15:42:28","date_gmt":"2021-08-28T15:42:28","guid":{"rendered":"https:\/\/storeseo.com\/?page_id=473"},"modified":"2025-10-07T09:54:57","modified_gmt":"2025-10-07T09:54:57","slug":"privacy-policy","status":"publish","type":"page","link":"https:\/\/storeseo.com\/es\/privacy-policy\/","title":{"rendered":"pol\u00edtica de privacidad"},"content":{"rendered":"<p><b>\u00daltima actualizaci\u00f3n: <\/b><strong>7 de octubre de 2025<\/strong><\/p>\n<p><span style=\"font-weight: 400;\">Esta Pol\u00edtica de privacidad explica c\u00f3mo StoreSEO recopila, utiliza y protege sus datos.<\/span><\/p>\n<h2><b>1. Introducci\u00f3n<\/b><\/h2>\n<p><span style=\"font-weight: 400;\">StoreSEO se compromete a proteger su privacidad. Esta pol\u00edtica explica qu\u00e9 datos recopilamos, por qu\u00e9 y c\u00f3mo puede ejercer sus derechos.<\/span><\/p>\n<h2><b>2. Datos que recopilamos<\/b><\/h2>\n<ul>\n<li style=\"font-weight: 400;\" aria-level=\"1\"><b>Informaci\u00f3n b\u00e1sica de la tienda Shopify:<\/b><span style=\"font-weight: 400;\"> Para informes personalizados<\/span><\/li>\n<li style=\"font-weight: 400;\" aria-level=\"1\"><b>Datos adicionales de la tienda Shopify:<\/b><span style=\"font-weight: 400;\"> Productos, colecciones, p\u00e1ginas y art\u00edculos (para optimizaci\u00f3n SEO)<\/span><\/li>\n<li style=\"font-weight: 400;\" aria-level=\"1\"><b>Datos de uso:<\/b><span style=\"font-weight: 400;\"> Actividad de la aplicaci\u00f3n, uso de funciones, registros (para rendimiento y resoluci\u00f3n de problemas)<\/span><\/li>\n<li style=\"font-weight: 400;\" aria-level=\"1\"><b>Correo electr\u00f3nico (en hash):<\/b><span style=\"font-weight: 400;\"> Para la API de Meta Conversions, an\u00e1lisis y seguimiento de atribuci\u00f3n<\/span><\/li>\n<\/ul>\n<p><span style=\"font-weight: 400;\">Para integrar Google con tu tienda Shopify mediante StoreSEO, necesitamos automatizar los pasos necesarios mediante la API. Para ello, necesitaremos acceso a los siguientes \u00e1mbitos de usuario:\u00a0<\/span><\/p>\n<ul>\n<li aria-level=\"1\"><a href=\"https:\/\/www.googleapis.com\/auth\/userinfo.email\" target=\"_blank\" rel=\"noopener\"><b>Correo electr\u00f3nico<\/b><\/a><\/li>\n<\/ul>\n<ul>\n<li aria-level=\"1\"><a href=\"https:\/\/www.googleapis.com\/auth\/siteverification\" target=\"_blank\" rel=\"noopener\"><b>Verificaci\u00f3n del sitio<\/b><\/a><\/li>\n<\/ul>\n<ul>\n<li aria-level=\"1\"><a href=\"https:\/\/www.googleapis.com\/auth\/webmasters\" target=\"_blank\" rel=\"noopener\"><b>Consola de b\u00fasqueda de Google<\/b><\/a><\/li>\n<\/ul>\n<ul>\n<li aria-level=\"1\"><a href=\"https:\/\/www.googleapis.com\/auth\/indexing\" target=\"_blank\" rel=\"noopener\"><b>Indexaci\u00f3n instant\u00e1nea<\/b><\/a><\/li>\n<\/ul>\n<ul>\n<li aria-level=\"1\"><a href=\"https:\/\/www.googleapis.com\/auth\/analytics\" target=\"_blank\" rel=\"noopener\"><b>Google Analytics GA4<\/b><\/a><\/li>\n<\/ul>\n<h2><b>3. Finalidad del Tratamiento<\/b><\/h2>\n<p><span style=\"font-weight: 400;\">Utilizamos los datos recopilados para:<\/span><\/p>\n<ul>\n<li style=\"font-weight: 400;\" aria-level=\"1\"><span style=\"font-weight: 400;\">Entregar y mejorar nuestros servicios.<\/span><\/li>\n<li style=\"font-weight: 400;\" aria-level=\"1\"><span style=\"font-weight: 400;\">Proporcionar informes y conocimientos sobre SEO.<\/span><\/li>\n<li style=\"font-weight: 400;\" aria-level=\"1\"><span style=\"font-weight: 400;\">Mejorar la experiencia del usuario.<\/span><\/li>\n<li style=\"font-weight: 400;\" aria-level=\"1\"><span style=\"font-weight: 400;\">Realizar an\u00e1lisis y marketing (solo con consentimiento).<\/span><\/li>\n<\/ul>\n<h2><b>4. Base jur\u00eddica<\/b><\/h2>\n<p><span style=\"font-weight: 400;\">Procesamos datos en base a:<\/span><\/p>\n<ul>\n<li style=\"font-weight: 400;\" aria-level=\"1\"><b>Necesidad contractual:<\/b><span style=\"font-weight: 400;\"> Proporcionar funciones de StoreSEO.<\/span><\/li>\n<li style=\"font-weight: 400;\" aria-level=\"1\"><b>Consentir:<\/b><span style=\"font-weight: 400;\"> Para la API de Meta Conversions (correo electr\u00f3nico con hash, an\u00e1lisis, remarketing), se informar\u00e1 a los usuarios y deber\u00e1n dar su consentimiento antes de la activaci\u00f3n.<\/span><\/li>\n<li style=\"font-weight: 400;\" aria-level=\"1\"><b>Intereses leg\u00edtimos:<\/b><span style=\"font-weight: 400;\"> Para mejorar y asegurar nuestros servicios.<\/span><\/li>\n<\/ul>\n<p><span style=\"font-weight: 400;\">Tambi\u00e9n cumplimos con <\/span><a href=\"https:\/\/help.shopify.com\/en\/manual\/privacy-and-security\/privacy\/gdpr\" target=\"_blank\" rel=\"noopener\"><b>Pol\u00edticas GDPR de Shopify<\/b><\/a><span style=\"font-weight: 400;\">.<\/span><\/p>\n<h2><b>5. Intercambio de datos<\/b><\/h2>\n<p><span style=\"font-weight: 400;\">Podemos compartir datos con:<\/span><\/p>\n<ul>\n<li style=\"font-weight: 400;\" aria-level=\"1\"><span style=\"font-weight: 400;\">Shopify (facturaci\u00f3n y funcionalidad de la aplicaci\u00f3n).<\/span><\/li>\n<li style=\"font-weight: 400;\" aria-level=\"1\"><span style=\"font-weight: 400;\">Proveedores de an\u00e1lisis (Google Analytics, Meta Ads, etc.).<\/span><\/li>\n<li style=\"font-weight: 400;\" aria-level=\"1\"><span style=\"font-weight: 400;\">Socios de alojamiento e infraestructura.<\/span><\/li>\n<\/ul>\n<p><span style=\"font-weight: 400;\">Todos los socios est\u00e1n sujetos a obligaciones de protecci\u00f3n de datos.<\/span><\/p>\n<h2><b>6. Comunicaciones de marketing<\/b><\/h2>\n<p><span style=\"font-weight: 400;\">Si proporciona su correo electr\u00f3nico a StoreSEO (por ejemplo, a trav\u00e9s de la instalaci\u00f3n, suscripci\u00f3n al bolet\u00edn informativo o atenci\u00f3n al cliente), podemos usarlo para enviarle comunicaciones de marketing, actualizaciones de productos, promociones y contenido educativo relacionado con StoreSEO y los productos de Storeware.<\/span><\/p>\n<p><span style=\"font-weight: 400;\">Puede optar por no recibir correos electr\u00f3nicos de marketing en cualquier momento haciendo clic en el enlace para cancelar la suscripci\u00f3n en nuestros correos electr\u00f3nicos o comunic\u00e1ndose con nosotros directamente.<\/span><\/p>\n<p><span style=\"font-weight: 400;\">Nunca venderemos ni compartiremos su correo electr\u00f3nico con fines de marketing de terceros.<\/span><\/p>\n<h2><b>7. Retenci\u00f3n de datos<\/b><\/h2>\n<p><span style=\"font-weight: 400;\">Conservamos los datos solo el tiempo necesario. Al desinstalar StoreSEO, los datos de su cuenta se eliminan o anonimizan en un plazo razonable, sujeto a los requisitos legales.<\/span><\/p>\n<h2><b>8. Derechos del usuario<\/b><\/h2>\n<p><span style=\"font-weight: 400;\">Tienes derecho a:<\/span><\/p>\n<ul>\n<li style=\"font-weight: 400;\" aria-level=\"1\"><span style=\"font-weight: 400;\">Acceda a sus datos.<\/span><\/li>\n<li style=\"font-weight: 400;\" aria-level=\"1\"><span style=\"font-weight: 400;\">Solicitar correcci\u00f3n o eliminaci\u00f3n.<\/span><\/li>\n<li style=\"font-weight: 400;\" aria-level=\"1\"><span style=\"font-weight: 400;\">Oponerse al tratamiento.<\/span><\/li>\n<li style=\"font-weight: 400;\" aria-level=\"1\"><span style=\"font-weight: 400;\">Retirar el consentimiento (cuando corresponda).<\/span><\/li>\n<\/ul>\n<p><span style=\"font-weight: 400;\">Cont\u00e1ctenos para ejercer estos derechos.<\/span><\/p>\n<h2><b>9. Seguridad de los datos<\/b><\/h2>\n<p><span style=\"font-weight: 400;\">Utilizamos encriptaci\u00f3n, infraestructura segura y controles de acceso para proteger los datos.<\/span><\/p>\n<h2><b>10. Transferencias internacionales<\/b><\/h2>\n<p><span style=\"font-weight: 400;\">Si los datos se transfieren fuera de su regi\u00f3n (por ejemplo, EEE), se aplican garant\u00edas como las cl\u00e1usulas contractuales est\u00e1ndar.<\/span><\/p>\n<h2><b>11. Cookies y p\u00edxeles<\/b><\/h2>\n<p><span style=\"font-weight: 400;\">Utilizamos cookies y tecnolog\u00edas similares para mejorar el rendimiento. El seguimiento de p\u00edxeles que utiliza correo electr\u00f3nico con hash requiere... <\/span><b>consentimiento del usuario<\/b><span style=\"font-weight: 400;\"> antes de la activaci\u00f3n.<\/span><\/p>\n<h2><b>12. Actualizaciones de pol\u00edticas<\/b><\/h2>\n<p><span style=\"font-weight: 400;\">Podemos actualizar esta Pol\u00edtica de Privacidad. El uso continuado despu\u00e9s de los cambios indica su aceptaci\u00f3n.<\/span><\/p>\n<h2><b>13. Contacto<\/b><\/h2>\n<p><span style=\"font-weight: 400;\">\u00bfPreguntas? Cont\u00e1ctenos en: <\/span><a href=\"https:\/\/storeseo.com\/es\/contact-us\/\"><b>https:\/\/storeseo.com\/contact-us\/<\/b><\/a><b>\u00a0<\/b><\/p>","protected":false},"excerpt":{"rendered":"<p>Last Updated: 7th October, 2025 This Privacy Policy explains how StoreSEO collects, uses, and protects your data. 1. Introduction StoreSEO is committed to protecting your privacy. This policy explains what data we collect, why, and how you can exercise your rights. 2. Data We Collect Basic Information of Shopify Store: For personalized reporting Additional Shopify [&hellip;]<\/p>\n","protected":false},"author":3,"featured_media":11708,"parent":0,"menu_order":0,"comment_status":"closed","ping_status":"closed","template":"","meta":{"_eb_attr":"","inline_featured_image":false,"_eb_data_table":"","footnotes":""},"class_list":["post-473","page","type-page","status-publish","has-post-thumbnail","hentry"],"_links":{"self":[{"href":"https:\/\/storeseo.com\/es\/wp-json\/wp\/v2\/pages\/473","targetHints":{"allow":["GET"]}}],"collection":[{"href":"https:\/\/storeseo.com\/es\/wp-json\/wp\/v2\/pages"}],"about":[{"href":"https:\/\/storeseo.com\/es\/wp-json\/wp\/v2\/types\/page"}],"author":[{"embeddable":true,"href":"https:\/\/storeseo.com\/es\/wp-json\/wp\/v2\/users\/3"}],"replies":[{"embeddable":true,"href":"https:\/\/storeseo.com\/es\/wp-json\/wp\/v2\/comments?post=473"}],"version-history":[{"count":49,"href":"https:\/\/storeseo.com\/es\/wp-json\/wp\/v2\/pages\/473\/revisions"}],"predecessor-version":[{"id":13311,"href":"https:\/\/storeseo.com\/es\/wp-json\/wp\/v2\/pages\/473\/revisions\/13311"}],"wp:featuredmedia":[{"embeddable":true,"href":"https:\/\/storeseo.com\/es\/wp-json\/wp\/v2\/media\/11708"}],"wp:attachment":[{"href":"https:\/\/storeseo.com\/es\/wp-json\/wp\/v2\/media?parent=473"}],"curies":[{"name":"gracias","href":"https:\/\/api.w.org\/{rel}","templated":true}]}}