{"id":473,"date":"2021-08-28T15:42:28","date_gmt":"2021-08-28T15:42:28","guid":{"rendered":"https:\/\/storeseo.com\/?page_id=473"},"modified":"2025-10-07T09:54:57","modified_gmt":"2025-10-07T09:54:57","slug":"privacy-policy","status":"publish","type":"page","link":"https:\/\/storeseo.com\/fr\/privacy-policy\/","title":{"rendered":"politique de confidentialit\u00e9"},"content":{"rendered":"<p><b>Derni\u00e8re mise \u00e0 jour : <\/b><strong>7 octobre 2025<\/strong><\/p>\n<p><span style=\"font-weight: 400;\">Cette politique de confidentialit\u00e9 explique comment StoreSEO collecte, utilise et prot\u00e8ge vos donn\u00e9es.<\/span><\/p>\n<h2><b>1. Introduction<\/b><\/h2>\n<p><span style=\"font-weight: 400;\">StoreSEO s&#039;engage \u00e0 prot\u00e9ger votre vie priv\u00e9e. Cette politique explique quelles donn\u00e9es nous collectons, pourquoi et comment vous pouvez exercer vos droits.<\/span><\/p>\n<h2><b>2. Donn\u00e9es que nous collectons<\/b><\/h2>\n<ul>\n<li style=\"font-weight: 400;\" aria-level=\"1\"><b>Informations de base sur la boutique Shopify\u00a0:<\/b><span style=\"font-weight: 400;\"> Pour des rapports personnalis\u00e9s<\/span><\/li>\n<li style=\"font-weight: 400;\" aria-level=\"1\"><b>Donn\u00e9es suppl\u00e9mentaires de la boutique Shopify\u00a0:<\/b><span style=\"font-weight: 400;\"> Produits, collections, pages et articles (pour l&#039;optimisation SEO)<\/span><\/li>\n<li style=\"font-weight: 400;\" aria-level=\"1\"><b>Donn\u00e9es d&#039;utilisation :<\/b><span style=\"font-weight: 400;\"> Activit\u00e9 de l&#039;application, utilisation des fonctionnalit\u00e9s, journaux (pour les performances et le d\u00e9pannage)<\/span><\/li>\n<li style=\"font-weight: 400;\" aria-level=\"1\"><b>E-mail (hach\u00e9) :<\/b><span style=\"font-weight: 400;\"> Pour l&#039;API Meta Conversions, l&#039;analyse et le suivi d&#039;attribution<\/span><\/li>\n<\/ul>\n<p><span style=\"font-weight: 400;\">Pour int\u00e9grer Google \u00e0 votre boutique Shopify via StoreSEO, nous devons automatiser les \u00e9tapes requises gr\u00e2ce \u00e0 l&#039;API. Pour ce faire, nous aurons besoin d&#039;acc\u00e9der aux champs d&#039;utilisateur suivants\u00a0:\u00a0<\/span><\/p>\n<ul>\n<li aria-level=\"1\"><a href=\"https:\/\/www.googleapis.com\/auth\/userinfo.email\" target=\"_blank\" rel=\"noopener\"><b>E-mail<\/b><\/a><\/li>\n<\/ul>\n<ul>\n<li aria-level=\"1\"><a href=\"https:\/\/www.googleapis.com\/auth\/siteverification\" target=\"_blank\" rel=\"noopener\"><b>V\u00e9rification du site<\/b><\/a><\/li>\n<\/ul>\n<ul>\n<li aria-level=\"1\"><a href=\"https:\/\/www.googleapis.com\/auth\/webmasters\" target=\"_blank\" rel=\"noopener\"><b>Google Search Console<\/b><\/a><\/li>\n<\/ul>\n<ul>\n<li aria-level=\"1\"><a href=\"https:\/\/www.googleapis.com\/auth\/indexing\" target=\"_blank\" rel=\"noopener\"><b>Indexation instantan\u00e9e<\/b><\/a><\/li>\n<\/ul>\n<ul>\n<li aria-level=\"1\"><a href=\"https:\/\/www.googleapis.com\/auth\/analytics\" target=\"_blank\" rel=\"noopener\"><b>Google Analytics GA4<\/b><\/a><\/li>\n<\/ul>\n<h2><b>3. Finalit\u00e9 du traitement<\/b><\/h2>\n<p><span style=\"font-weight: 400;\">Nous utilisons les donn\u00e9es collect\u00e9es pour :<\/span><\/p>\n<ul>\n<li style=\"font-weight: 400;\" aria-level=\"1\"><span style=\"font-weight: 400;\">Offrir et am\u00e9liorer nos services.<\/span><\/li>\n<li style=\"font-weight: 400;\" aria-level=\"1\"><span style=\"font-weight: 400;\">Fournir des rapports et des informations SEO.<\/span><\/li>\n<li style=\"font-weight: 400;\" aria-level=\"1\"><span style=\"font-weight: 400;\">Am\u00e9liorez l&#039;exp\u00e9rience utilisateur.<\/span><\/li>\n<li style=\"font-weight: 400;\" aria-level=\"1\"><span style=\"font-weight: 400;\">Effectuer des analyses et du marketing (uniquement avec consentement).<\/span><\/li>\n<\/ul>\n<h2><b>4. Base juridique<\/b><\/h2>\n<p><span style=\"font-weight: 400;\">Nous traitons les donn\u00e9es sur la base de :<\/span><\/p>\n<ul>\n<li style=\"font-weight: 400;\" aria-level=\"1\"><b>N\u00e9cessit\u00e9 contractuelle :<\/b><span style=\"font-weight: 400;\"> Pour fournir des fonctionnalit\u00e9s StoreSEO.<\/span><\/li>\n<li style=\"font-weight: 400;\" aria-level=\"1\"><b>Consentement:<\/b><span style=\"font-weight: 400;\"> Pour l&#039;API de m\u00e9taconversions (e-mails hach\u00e9s, analyses, remarketing), les utilisateurs seront inform\u00e9s et devront donner leur consentement avant l&#039;activation.<\/span><\/li>\n<li style=\"font-weight: 400;\" aria-level=\"1\"><b>Int\u00e9r\u00eats l\u00e9gitimes :<\/b><span style=\"font-weight: 400;\"> Pour am\u00e9liorer et s\u00e9curiser nos services.<\/span><\/li>\n<\/ul>\n<p><span style=\"font-weight: 400;\">Nous respectons \u00e9galement <\/span><a href=\"https:\/\/help.shopify.com\/en\/manual\/privacy-and-security\/privacy\/gdpr\" target=\"_blank\" rel=\"noopener\"><b>Politiques RGPD de Shopify<\/b><\/a><span style=\"font-weight: 400;\">.<\/span><\/p>\n<h2><b>5. Partage de donn\u00e9es<\/b><\/h2>\n<p><span style=\"font-weight: 400;\">Nous pouvons partager des donn\u00e9es avec :<\/span><\/p>\n<ul>\n<li style=\"font-weight: 400;\" aria-level=\"1\"><span style=\"font-weight: 400;\">Shopify (facturation et fonctionnalit\u00e9 d&#039;application).<\/span><\/li>\n<li style=\"font-weight: 400;\" aria-level=\"1\"><span style=\"font-weight: 400;\">Fournisseurs d&#039;analyses (Google Analytics, Meta Ads, etc.).<\/span><\/li>\n<li style=\"font-weight: 400;\" aria-level=\"1\"><span style=\"font-weight: 400;\">Partenaires d&#039;h\u00e9bergement et d&#039;infrastructure.<\/span><\/li>\n<\/ul>\n<p><span style=\"font-weight: 400;\">Tous les partenaires sont li\u00e9s par des obligations en mati\u00e8re de protection des donn\u00e9es.<\/span><\/p>\n<h2><b>6. Communications marketing<\/b><\/h2>\n<p><span style=\"font-weight: 400;\">Si vous fournissez votre e-mail \u00e0 StoreSEO (par exemple, via l&#039;installation, l&#039;inscription \u00e0 la newsletter ou le support client), nous pouvons l&#039;utiliser pour vous envoyer des communications marketing, des mises \u00e0 jour de produits, des promotions et du contenu \u00e9ducatif li\u00e9 aux produits StoreSEO et Storeware.<\/span><\/p>\n<p><span style=\"font-weight: 400;\">Vous pouvez vous d\u00e9sinscrire des e-mails marketing \u00e0 tout moment en cliquant sur le lien de d\u00e9sabonnement dans nos e-mails ou en nous contactant directement.<\/span><\/p>\n<p><span style=\"font-weight: 400;\">Nous ne vendrons ni ne partagerons jamais votre adresse e-mail \u00e0 des fins de marketing avec des tiers.<\/span><\/p>\n<h2><b>7. Conservation des donn\u00e9es<\/b><\/h2>\n<p><span style=\"font-weight: 400;\">Nous conservons les donn\u00e9es uniquement le temps n\u00e9cessaire. Lorsque vous d\u00e9sinstallez StoreSEO, les donn\u00e9es de votre compte sont supprim\u00e9es ou anonymis\u00e9es dans un d\u00e9lai raisonnable, sous r\u00e9serve des exigences l\u00e9gales.<\/span><\/p>\n<h2><b>8. Droits des utilisateurs<\/b><\/h2>\n<p><span style=\"font-weight: 400;\">Vous avez le droit de :<\/span><\/p>\n<ul>\n<li style=\"font-weight: 400;\" aria-level=\"1\"><span style=\"font-weight: 400;\">Acc\u00e9dez \u00e0 vos donn\u00e9es.<\/span><\/li>\n<li style=\"font-weight: 400;\" aria-level=\"1\"><span style=\"font-weight: 400;\">Demander une correction ou une suppression.<\/span><\/li>\n<li style=\"font-weight: 400;\" aria-level=\"1\"><span style=\"font-weight: 400;\">S&#039;opposer au traitement.<\/span><\/li>\n<li style=\"font-weight: 400;\" aria-level=\"1\"><span style=\"font-weight: 400;\">Retirer le consentement (le cas \u00e9ch\u00e9ant).<\/span><\/li>\n<\/ul>\n<p><span style=\"font-weight: 400;\">Contactez-nous pour exercer ces droits.<\/span><\/p>\n<h2><b>9. S\u00e9curit\u00e9 des donn\u00e9es<\/b><\/h2>\n<p><span style=\"font-weight: 400;\">Nous utilisons le cryptage, une infrastructure s\u00e9curis\u00e9e et des contr\u00f4les d&#039;acc\u00e8s pour prot\u00e9ger les donn\u00e9es.<\/span><\/p>\n<h2><b>10. Transferts internationaux<\/b><\/h2>\n<p><span style=\"font-weight: 400;\">Si des donn\u00e9es sont transf\u00e9r\u00e9es en dehors de votre r\u00e9gion (par exemple, l&#039;EEE), des garanties telles que les clauses contractuelles types sont appliqu\u00e9es.<\/span><\/p>\n<h2><b>11. Cookies et pixels<\/b><\/h2>\n<p><span style=\"font-weight: 400;\">Nous utilisons des cookies et des technologies similaires pour am\u00e9liorer les performances. Le suivi par pixel utilisant des e-mails hach\u00e9s n\u00e9cessite <\/span><b>consentement de l&#039;utilisateur<\/b><span style=\"font-weight: 400;\"> avant l&#039;activation.<\/span><\/p>\n<h2><b>12. Mises \u00e0 jour des politiques<\/b><\/h2>\n<p><span style=\"font-weight: 400;\">Nous sommes susceptibles de mettre \u00e0 jour cette politique de confidentialit\u00e9. Toute utilisation continue apr\u00e8s modification vaut acceptation.<\/span><\/p>\n<h2><b>13. Contact<\/b><\/h2>\n<p><span style=\"font-weight: 400;\">Des questions\u00a0? Contactez-nous \u00e0\u00a0: <\/span><a href=\"https:\/\/storeseo.com\/fr\/contact-us\/\"><b>https:\/\/storeseo.com\/contact-us\/<\/b><\/a><b>\u00a0<\/b><\/p>","protected":false},"excerpt":{"rendered":"<p>Last Updated: 7th October, 2025 This Privacy Policy explains how StoreSEO collects, uses, and protects your data. 1. Introduction StoreSEO is committed to protecting your privacy. This policy explains what data we collect, why, and how you can exercise your rights. 2. Data We Collect Basic Information of Shopify Store: For personalized reporting Additional Shopify [&hellip;]<\/p>\n","protected":false},"author":3,"featured_media":11708,"parent":0,"menu_order":0,"comment_status":"closed","ping_status":"closed","template":"","meta":{"_eb_attr":"","inline_featured_image":false,"_eb_data_table":"","footnotes":""},"class_list":["post-473","page","type-page","status-publish","has-post-thumbnail","hentry"],"_links":{"self":[{"href":"https:\/\/storeseo.com\/fr\/wp-json\/wp\/v2\/pages\/473","targetHints":{"allow":["GET"]}}],"collection":[{"href":"https:\/\/storeseo.com\/fr\/wp-json\/wp\/v2\/pages"}],"about":[{"href":"https:\/\/storeseo.com\/fr\/wp-json\/wp\/v2\/types\/page"}],"author":[{"embeddable":true,"href":"https:\/\/storeseo.com\/fr\/wp-json\/wp\/v2\/users\/3"}],"replies":[{"embeddable":true,"href":"https:\/\/storeseo.com\/fr\/wp-json\/wp\/v2\/comments?post=473"}],"version-history":[{"count":49,"href":"https:\/\/storeseo.com\/fr\/wp-json\/wp\/v2\/pages\/473\/revisions"}],"predecessor-version":[{"id":13311,"href":"https:\/\/storeseo.com\/fr\/wp-json\/wp\/v2\/pages\/473\/revisions\/13311"}],"wp:featuredmedia":[{"embeddable":true,"href":"https:\/\/storeseo.com\/fr\/wp-json\/wp\/v2\/media\/11708"}],"wp:attachment":[{"href":"https:\/\/storeseo.com\/fr\/wp-json\/wp\/v2\/media?parent=473"}],"curies":[{"name":"wp","href":"https:\/\/api.w.org\/{rel}","templated":true}]}}