{"id":473,"date":"2021-08-28T15:42:28","date_gmt":"2021-08-28T15:42:28","guid":{"rendered":"https:\/\/storeseo.com\/?page_id=473"},"modified":"2025-10-07T09:54:57","modified_gmt":"2025-10-07T09:54:57","slug":"privacy-policy","status":"publish","type":"page","link":"https:\/\/storeseo.com\/pl\/privacy-policy\/","title":{"rendered":"Polityka prywatno\u015bci"},"content":{"rendered":"<p><b>Ostatnia aktualizacja: <\/b><strong>7 pa\u017adziernika 2025 r.<\/strong><\/p>\n<p><span style=\"font-weight: 400;\">Niniejsza Polityka prywatno\u015bci wyja\u015bnia, w jaki spos\u00f3b StoreSEO gromadzi, wykorzystuje i chroni Twoje dane.<\/span><\/p>\n<h2><b>1. Wprowadzenie<\/b><\/h2>\n<p><span style=\"font-weight: 400;\">StoreSEO dba o ochron\u0119 Twojej prywatno\u015bci. Niniejsza polityka wyja\u015bnia, jakie dane gromadzimy, dlaczego i jak mo\u017cesz skorzysta\u0107 ze swoich praw.<\/span><\/p>\n<h2><b>2. Gromadzone przez nas dane<\/b><\/h2>\n<ul>\n<li style=\"font-weight: 400;\" aria-level=\"1\"><b>Podstawowe informacje o sklepie Shopify:<\/b><span style=\"font-weight: 400;\"> Do spersonalizowanych raport\u00f3w<\/span><\/li>\n<li style=\"font-weight: 400;\" aria-level=\"1\"><b>Dodatkowe dane sklepu Shopify:<\/b><span style=\"font-weight: 400;\"> Produkty, kolekcje, strony i artyku\u0142y (do optymalizacji SEO)<\/span><\/li>\n<li style=\"font-weight: 400;\" aria-level=\"1\"><b>Dane dotycz\u0105ce u\u017cytkowania:<\/b><span style=\"font-weight: 400;\"> Aktywno\u015b\u0107 aplikacji, wykorzystanie funkcji, dzienniki (do cel\u00f3w wydajno\u015bci i rozwi\u0105zywania problem\u00f3w)<\/span><\/li>\n<li style=\"font-weight: 400;\" aria-level=\"1\"><b>Adres e-mail (zaszyfrowany):<\/b><span style=\"font-weight: 400;\"> Do API Meta Conversions, analiz i \u015bledzenia atrybucji<\/span><\/li>\n<\/ul>\n<p><span style=\"font-weight: 400;\">Aby zintegrowa\u0107 sklep Shopify z Google za pomoc\u0105 StoreSEO, musimy zautomatyzowa\u0107 wymagane kroki za pomoc\u0105 API. W tym celu potrzebujemy dost\u0119pu do nast\u0119puj\u0105cych zakres\u00f3w u\u017cytkownik\u00f3w:\u00a0<\/span><\/p>\n<ul>\n<li aria-level=\"1\"><a href=\"https:\/\/www.googleapis.com\/auth\/userinfo.email\" target=\"_blank\" rel=\"noopener\"><b>E-mail<\/b><\/a><\/li>\n<\/ul>\n<ul>\n<li aria-level=\"1\"><a href=\"https:\/\/www.googleapis.com\/auth\/siteverification\" target=\"_blank\" rel=\"noopener\"><b>Weryfikacja witryny<\/b><\/a><\/li>\n<\/ul>\n<ul>\n<li aria-level=\"1\"><a href=\"https:\/\/www.googleapis.com\/auth\/webmasters\" target=\"_blank\" rel=\"noopener\"><b>Konsola wyszukiwania Google<\/b><\/a><\/li>\n<\/ul>\n<ul>\n<li aria-level=\"1\"><a href=\"https:\/\/www.googleapis.com\/auth\/indexing\" target=\"_blank\" rel=\"noopener\"><b>Natychmiastowe indeksowanie<\/b><\/a><\/li>\n<\/ul>\n<ul>\n<li aria-level=\"1\"><a href=\"https:\/\/www.googleapis.com\/auth\/analytics\" target=\"_blank\" rel=\"noopener\"><b>Google Analytics GA4<\/b><\/a><\/li>\n<\/ul>\n<h2><b>3. Cel przetwarzania<\/b><\/h2>\n<p><span style=\"font-weight: 400;\">Zebrane dane wykorzystujemy w celu:<\/span><\/p>\n<ul>\n<li style=\"font-weight: 400;\" aria-level=\"1\"><span style=\"font-weight: 400;\">Dostarczanie i udoskonalanie naszych us\u0142ug.<\/span><\/li>\n<li style=\"font-weight: 400;\" aria-level=\"1\"><span style=\"font-weight: 400;\">Przygotuj raporty i analizy SEO.<\/span><\/li>\n<li style=\"font-weight: 400;\" aria-level=\"1\"><span style=\"font-weight: 400;\">Poprawa do\u015bwiadcze\u0144 u\u017cytkownik\u00f3w.<\/span><\/li>\n<li style=\"font-weight: 400;\" aria-level=\"1\"><span style=\"font-weight: 400;\">Przeprowadzanie analiz i dzia\u0142a\u0144 marketingowych (wy\u0142\u0105cznie za zgod\u0105).<\/span><\/li>\n<\/ul>\n<h2><b>4. Podstawa prawna<\/b><\/h2>\n<p><span style=\"font-weight: 400;\">Przetwarzamy dane na podstawie:<\/span><\/p>\n<ul>\n<li style=\"font-weight: 400;\" aria-level=\"1\"><b>Konieczno\u015b\u0107 umowna:<\/b><span style=\"font-weight: 400;\"> Aby zapewni\u0107 funkcje StoreSEO.<\/span><\/li>\n<li style=\"font-weight: 400;\" aria-level=\"1\"><b>Zgoda:<\/b><span style=\"font-weight: 400;\"> W przypadku API Meta Conversions (haszowany adres e-mail, analityka, remarketing). U\u017cytkownicy zostan\u0105 o tym poinformowani i musz\u0105 wyrazi\u0107 zgod\u0119 przed aktywacj\u0105.<\/span><\/li>\n<li style=\"font-weight: 400;\" aria-level=\"1\"><b>Uzasadnione interesy:<\/b><span style=\"font-weight: 400;\"> Aby udoskonali\u0107 i zabezpieczy\u0107 nasze us\u0142ugi.<\/span><\/li>\n<\/ul>\n<p><span style=\"font-weight: 400;\">Przestrzegamy r\u00f3wnie\u017c <\/span><a href=\"https:\/\/help.shopify.com\/en\/manual\/privacy-and-security\/privacy\/gdpr\" target=\"_blank\" rel=\"noopener\"><b>Polityki RODO firmy Shopify<\/b><\/a><span style=\"font-weight: 400;\">.<\/span><\/p>\n<h2><b>5. Udost\u0119pnianie danych<\/b><\/h2>\n<p><span style=\"font-weight: 400;\">Mo\u017cemy udost\u0119pnia\u0107 dane:<\/span><\/p>\n<ul>\n<li style=\"font-weight: 400;\" aria-level=\"1\"><span style=\"font-weight: 400;\">Shopify (rozliczenia i funkcjonalno\u015b\u0107 aplikacji).<\/span><\/li>\n<li style=\"font-weight: 400;\" aria-level=\"1\"><span style=\"font-weight: 400;\">Dostawcy us\u0142ug analitycznych (Google Analytics, Meta Ads itp.).<\/span><\/li>\n<li style=\"font-weight: 400;\" aria-level=\"1\"><span style=\"font-weight: 400;\">Partnerzy hostingowi i infrastrukturalni.<\/span><\/li>\n<\/ul>\n<p><span style=\"font-weight: 400;\">Wszyscy partnerzy s\u0105 zobowi\u0105zani do przestrzegania przepis\u00f3w o ochronie danych.<\/span><\/p>\n<h2><b>6. Komunikacja marketingowa<\/b><\/h2>\n<p><span style=\"font-weight: 400;\">Je\u015bli podasz StoreSEO sw\u00f3j adres e-mail (np. podczas instalacji, zapisu do newslettera lub kontaktu z dzia\u0142em obs\u0142ugi klienta), mo\u017cemy go wykorzysta\u0107 do przesy\u0142ania Ci wiadomo\u015bci marketingowych, aktualizacji produkt\u00f3w, promocji i tre\u015bci edukacyjnych zwi\u0105zanych z produktami StoreSEO i Storeware.<\/span><\/p>\n<p><span style=\"font-weight: 400;\">Mo\u017cesz w ka\u017cdej chwili zrezygnowa\u0107 z otrzymywania wiadomo\u015bci e-mail o charakterze marketingowym, klikaj\u0105c na link rezygnacji z subskrypcji zawarty w naszych wiadomo\u015bciach lub kontaktuj\u0105c si\u0119 z nami bezpo\u015brednio.<\/span><\/p>\n<p><span style=\"font-weight: 400;\">Nigdy nie sprzedamy ani nie udost\u0119pnimy Twojego adresu e-mail w celach marketingowych stronom trzecim.<\/span><\/p>\n<h2><b>7. Przechowywanie danych<\/b><\/h2>\n<p><span style=\"font-weight: 400;\">Przechowujemy dane tylko tak d\u0142ugo, jak to konieczne. Po odinstalowaniu StoreSEO dane Twojego konta zostan\u0105 usuni\u0119te lub zanonimizowane w rozs\u0105dnym terminie, z zastrze\u017ceniem wymog\u00f3w prawnych.<\/span><\/p>\n<h2><b>8. Prawa u\u017cytkownika<\/b><\/h2>\n<p><span style=\"font-weight: 400;\">Masz prawo do:<\/span><\/p>\n<ul>\n<li style=\"font-weight: 400;\" aria-level=\"1\"><span style=\"font-weight: 400;\">Uzyskaj dost\u0119p do swoich danych.<\/span><\/li>\n<li style=\"font-weight: 400;\" aria-level=\"1\"><span style=\"font-weight: 400;\">Popro\u015b o korekt\u0119 lub usuni\u0119cie.<\/span><\/li>\n<li style=\"font-weight: 400;\" aria-level=\"1\"><span style=\"font-weight: 400;\">Sprzeciw wobec przetwarzania.<\/span><\/li>\n<li style=\"font-weight: 400;\" aria-level=\"1\"><span style=\"font-weight: 400;\">Cofnij zgod\u0119 (je\u015bli dotyczy).<\/span><\/li>\n<\/ul>\n<p><span style=\"font-weight: 400;\">Aby skorzysta\u0107 z tych praw, skontaktuj si\u0119 z nami.<\/span><\/p>\n<h2><b>9. Bezpiecze\u0144stwo danych<\/b><\/h2>\n<p><span style=\"font-weight: 400;\">W celu ochrony danych stosujemy szyfrowanie, bezpieczn\u0105 infrastruktur\u0119 i kontrol\u0119 dost\u0119pu.<\/span><\/p>\n<h2><b>10. Przelewy mi\u0119dzynarodowe<\/b><\/h2>\n<p><span style=\"font-weight: 400;\">Je\u015bli dane s\u0105 przekazywane poza Tw\u00f3j region (np. EOG), stosowane s\u0105 zabezpieczenia w postaci standardowych klauzul umownych.<\/span><\/p>\n<h2><b>11. Pliki cookie i piksele<\/b><\/h2>\n<p><span style=\"font-weight: 400;\">U\u017cywamy plik\u00f3w cookie i podobnych technologii w celu zwi\u0119kszenia wydajno\u015bci. \u015aledzenie pikseli, kt\u00f3re wykorzystuje zaszyfrowany adres e-mail, wymaga <\/span><b>zgoda u\u017cytkownika<\/b><span style=\"font-weight: 400;\"> przed aktywacj\u0105.<\/span><\/p>\n<h2><b>12. Aktualizacje polityki<\/b><\/h2>\n<p><span style=\"font-weight: 400;\">Niniejsza Polityka Prywatno\u015bci mo\u017ce by\u0107 przez nas aktualizowana. Dalsze korzystanie po wprowadzeniu zmian oznacza ich akceptacj\u0119.<\/span><\/p>\n<h2><b>13. Kontakt<\/b><\/h2>\n<p><span style=\"font-weight: 400;\">Masz pytania? Skontaktuj si\u0119 z nami pod adresem: <\/span><a href=\"https:\/\/storeseo.com\/pl\/contact-us\/\"><b>https:\/\/storeseo.com\/contact-us\/<\/b><\/a><b>\u00a0<\/b><\/p>","protected":false},"excerpt":{"rendered":"<p>Last Updated: 7th October, 2025 This Privacy Policy explains how StoreSEO collects, uses, and protects your data. 1. Introduction StoreSEO is committed to protecting your privacy. This policy explains what data we collect, why, and how you can exercise your rights. 2. Data We Collect Basic Information of Shopify Store: For personalized reporting Additional Shopify [&hellip;]<\/p>\n","protected":false},"author":3,"featured_media":11708,"parent":0,"menu_order":0,"comment_status":"closed","ping_status":"closed","template":"","meta":{"_eb_attr":"","inline_featured_image":false,"_eb_data_table":"","footnotes":""},"class_list":["post-473","page","type-page","status-publish","has-post-thumbnail","hentry"],"_links":{"self":[{"href":"https:\/\/storeseo.com\/pl\/wp-json\/wp\/v2\/pages\/473","targetHints":{"allow":["GET"]}}],"collection":[{"href":"https:\/\/storeseo.com\/pl\/wp-json\/wp\/v2\/pages"}],"about":[{"href":"https:\/\/storeseo.com\/pl\/wp-json\/wp\/v2\/types\/page"}],"author":[{"embeddable":true,"href":"https:\/\/storeseo.com\/pl\/wp-json\/wp\/v2\/users\/3"}],"replies":[{"embeddable":true,"href":"https:\/\/storeseo.com\/pl\/wp-json\/wp\/v2\/comments?post=473"}],"version-history":[{"count":49,"href":"https:\/\/storeseo.com\/pl\/wp-json\/wp\/v2\/pages\/473\/revisions"}],"predecessor-version":[{"id":13311,"href":"https:\/\/storeseo.com\/pl\/wp-json\/wp\/v2\/pages\/473\/revisions\/13311"}],"wp:featuredmedia":[{"embeddable":true,"href":"https:\/\/storeseo.com\/pl\/wp-json\/wp\/v2\/media\/11708"}],"wp:attachment":[{"href":"https:\/\/storeseo.com\/pl\/wp-json\/wp\/v2\/media?parent=473"}],"curies":[{"name":"wp","href":"https:\/\/api.w.org\/{rel}","templated":true}]}}