{"id":4908,"date":"2023-08-31T04:00:36","date_gmt":"2023-08-31T04:00:36","guid":{"rendered":"https:\/\/storeseo.com\/?page_id=4908"},"modified":"2025-10-07T09:54:58","modified_gmt":"2025-10-07T09:54:58","slug":"refund-policy","status":"publish","type":"page","link":"https:\/\/storeseo.com\/pl\/refund-policy\/","title":{"rendered":"Polityka zwrot\u00f3w"},"content":{"rendered":"<p><strong>Data wej\u015bcia w \u017cycie: 7 pa\u017adziernika 2025 r.<\/strong><\/p>\n\n\n\n<p>Subskrypcje StoreSEO s\u0105 rozliczane za po\u015brednictwem Shopify. Niniejsza Polityka Zwrot\u00f3w wyja\u015bnia nasze podej\u015bcie do zwrot\u00f3w.<\/p>\n\n\n\n<h2 class=\"wp-block-heading\"><strong>1. Polityka og\u00f3lna<\/strong><\/h2>\n\n\n\n<ul class=\"wp-block-list\">\n<li>Zwroty podlegaj\u0105 <strong>korzystanie z aplikacji<\/strong> i obliczone na podstawie<strong> <\/strong>zu\u017cycie kredyt\u00f3w AI, gdy\u017c stanowi\u0105 one jednorazowe koszty, kt\u00f3re ponosimy po naszej stronie (a nie po stronie u\u017cytkownika).<\/li>\n\n\n\n<li>\u017b\u0105dania zwrotu pieni\u0119dzy musz\u0105 by\u0107 sk\u0142adane<strong> w ci\u0105gu 14 dni<\/strong> pierwotnego zakupu.<\/li>\n\n\n\n<li>Wyj\u0105tki mog\u0105 mie\u0107 zastosowanie w przypadku b\u0142\u0119d\u00f3w technicznych, przypadkowego podw\u00f3jnego naliczenia op\u0142aty lub gdy wymaga tego prawo.<\/li>\n<\/ul>\n\n\n\n<p><strong>Przyk\u0142ad:<\/strong> Je\u017celi wykorzysta\u0142e\u015b 50% (lub wi\u0119cej) z przydzielonych kredyt\u00f3w AI w swoim planie, mo\u017cemy wystawi\u0107 <strong>zwrot proporcjonalny lub cz\u0119\u015bciowy<\/strong> na podstawie naszych oblicze\u0144.<\/p>\n\n\n\n<h2 class=\"wp-block-heading\"><strong>2. Dodatki jednorazowe<\/strong><\/h2>\n\n\n\n<ul class=\"wp-block-list\">\n<li>Do\u0142adowania kredytu AI i jednorazowe zakupy s\u0105 <strong>nie podlega zwrotowi<\/strong> po wykorzystaniu kredyt\u00f3w.<\/li>\n<\/ul>\n\n\n\n<h2 class=\"wp-block-heading\"><strong>3. Jak ubiega\u0107 si\u0119 o zwrot pieni\u0119dzy<\/strong><\/h2>\n\n\n\n<p>Aby ubiega\u0107 si\u0119 o zwrot pieni\u0119dzy:<\/p>\n\n\n\n<ol class=\"wp-block-list\">\n<li>Skontaktuj si\u0119 z nami pod adresem <a href=\"https:\/\/storeseo.com\/pl\/support\/\"><strong>https:\/\/storeseo.com\/support\/<\/strong><\/a><strong>\u00a0<\/strong><\/li>\n\n\n\n<li>Podaj nazw\u0119 sklepu i dane rozliczeniowe.<\/li>\n\n\n\n<li>Przeprowadzimy ocen\u0119 Twojego wykorzystania i kwalifikowalno\u015bci.<\/li>\n<\/ol>\n\n\n\n<h2 class=\"wp-block-heading\"><strong>4. Rozliczenia Shopify<\/strong><\/h2>\n\n\n\n<p>Wszystkie zwroty s\u0105 przetwarzane za po\u015brednictwem systemu rozliczeniowego Shopify. W zale\u017cno\u015bci od wybranej metody p\u0142atno\u015bci, zwrot mo\u017ce pojawi\u0107 si\u0119 w ci\u0105gu 5\u201310 dni roboczych.<\/p>\n\n\n\n<h2 class=\"wp-block-heading\"><strong>5. Zmiany w Polityce zwrot\u00f3w<\/strong><\/h2>\n\n\n\n<p>Mo\u017cemy zaktualizowa\u0107 t\u0119 polityk\u0119 w dowolnym momencie. Dalsze korzystanie ze StoreSEO po wprowadzeniu aktualizacji oznacza akceptacj\u0119.<\/p>","protected":false},"excerpt":{"rendered":"<p>Effective Date: 7th October, 2025 StoreSEO subscriptions are billed through Shopify. This Refund Policy explains our approach to refunds. 1. General Policy Example: If you used 50% (or more) of the allocated AI credits in your plan, we may issue a pro-rated or partial refund based on our calculation. 2. One-Time Add-Ons 3. How to [&hellip;]<\/p>\n","protected":false},"author":3,"featured_media":11708,"parent":0,"menu_order":0,"comment_status":"closed","ping_status":"closed","template":"","meta":{"_eb_attr":"","inline_featured_image":false,"_eb_data_table":"","footnotes":""},"class_list":["post-4908","page","type-page","status-publish","has-post-thumbnail","hentry"],"_links":{"self":[{"href":"https:\/\/storeseo.com\/pl\/wp-json\/wp\/v2\/pages\/4908","targetHints":{"allow":["GET"]}}],"collection":[{"href":"https:\/\/storeseo.com\/pl\/wp-json\/wp\/v2\/pages"}],"about":[{"href":"https:\/\/storeseo.com\/pl\/wp-json\/wp\/v2\/types\/page"}],"author":[{"embeddable":true,"href":"https:\/\/storeseo.com\/pl\/wp-json\/wp\/v2\/users\/3"}],"replies":[{"embeddable":true,"href":"https:\/\/storeseo.com\/pl\/wp-json\/wp\/v2\/comments?post=4908"}],"version-history":[{"count":7,"href":"https:\/\/storeseo.com\/pl\/wp-json\/wp\/v2\/pages\/4908\/revisions"}],"predecessor-version":[{"id":13312,"href":"https:\/\/storeseo.com\/pl\/wp-json\/wp\/v2\/pages\/4908\/revisions\/13312"}],"wp:featuredmedia":[{"embeddable":true,"href":"https:\/\/storeseo.com\/pl\/wp-json\/wp\/v2\/media\/11708"}],"wp:attachment":[{"href":"https:\/\/storeseo.com\/pl\/wp-json\/wp\/v2\/media?parent=4908"}],"curies":[{"name":"wp","href":"https:\/\/api.w.org\/{rel}","templated":true}]}}