{"id":473,"date":"2021-08-28T15:42:28","date_gmt":"2021-08-28T15:42:28","guid":{"rendered":"https:\/\/storeseo.com\/?page_id=473"},"modified":"2025-10-07T09:54:57","modified_gmt":"2025-10-07T09:54:57","slug":"privacy-policy","status":"publish","type":"page","link":"https:\/\/storeseo.com\/pt\/privacy-policy\/","title":{"rendered":"pol\u00edtica de Privacidade"},"content":{"rendered":"<p><b>\u00daltima atualiza\u00e7\u00e3o: <\/b><strong>7 de outubro de 2025<\/strong><\/p>\n<p><span style=\"font-weight: 400;\">Esta Pol\u00edtica de Privacidade explica como a StoreSEO coleta, usa e protege seus dados.<\/span><\/p>\n<h2><b>1. Introdu\u00e7\u00e3o<\/b><\/h2>\n<p><span style=\"font-weight: 400;\">A StoreSEO est\u00e1 comprometida em proteger a sua privacidade. Esta pol\u00edtica explica quais dados coletamos, por que os coletamos e como voc\u00ea pode exercer seus direitos.<\/span><\/p>\n<h2><b>2. Dados que coletamos<\/b><\/h2>\n<ul>\n<li style=\"font-weight: 400;\" aria-level=\"1\"><b>Informa\u00e7\u00f5es b\u00e1sicas da loja Shopify:<\/b><span style=\"font-weight: 400;\"> Para relat\u00f3rios personalizados<\/span><\/li>\n<li style=\"font-weight: 400;\" aria-level=\"1\"><b>Dados adicionais da loja Shopify:<\/b><span style=\"font-weight: 400;\"> Produtos, cole\u00e7\u00f5es, p\u00e1ginas e artigos (para otimiza\u00e7\u00e3o de SEO)<\/span><\/li>\n<li style=\"font-weight: 400;\" aria-level=\"1\"><b>Dados de utiliza\u00e7\u00e3o:<\/b><span style=\"font-weight: 400;\"> Atividade do aplicativo, uso de recursos, registros (para desempenho e solu\u00e7\u00e3o de problemas)<\/span><\/li>\n<li style=\"font-weight: 400;\" aria-level=\"1\"><b>E-mail (com hash):<\/b><span style=\"font-weight: 400;\"> Para a API Meta Conversions, rastreamento de an\u00e1lises e atribui\u00e7\u00e3o.<\/span><\/li>\n<\/ul>\n<p><span style=\"font-weight: 400;\">Para integrar o Google \u00e0 sua loja Shopify usando o StoreSEO, precisamos automatizar as etapas necess\u00e1rias por meio da API. Para isso, precisaremos de acesso aos seguintes escopos de usu\u00e1rio:\u00a0<\/span><\/p>\n<ul>\n<li aria-level=\"1\"><a href=\"https:\/\/www.googleapis.com\/auth\/userinfo.email\" target=\"_blank\" rel=\"noopener\"><b>E-mail<\/b><\/a><\/li>\n<\/ul>\n<ul>\n<li aria-level=\"1\"><a href=\"https:\/\/www.googleapis.com\/auth\/siteverification\" target=\"_blank\" rel=\"noopener\"><b>Verifica\u00e7\u00e3o do site<\/b><\/a><\/li>\n<\/ul>\n<ul>\n<li aria-level=\"1\"><a href=\"https:\/\/www.googleapis.com\/auth\/webmasters\" target=\"_blank\" rel=\"noopener\"><b>Google Search Console<\/b><\/a><\/li>\n<\/ul>\n<ul>\n<li aria-level=\"1\"><a href=\"https:\/\/www.googleapis.com\/auth\/indexing\" target=\"_blank\" rel=\"noopener\"><b>Indexa\u00e7\u00e3o instant\u00e2nea<\/b><\/a><\/li>\n<\/ul>\n<ul>\n<li aria-level=\"1\"><a href=\"https:\/\/www.googleapis.com\/auth\/analytics\" target=\"_blank\" rel=\"noopener\"><b>Google Analytics GA4<\/b><\/a><\/li>\n<\/ul>\n<h2><b>3. Finalidade do Processamento<\/b><\/h2>\n<p><span style=\"font-weight: 400;\">Utilizamos os dados coletados para:<\/span><\/p>\n<ul>\n<li style=\"font-weight: 400;\" aria-level=\"1\"><span style=\"font-weight: 400;\">Entregar e aprimorar nossos servi\u00e7os.<\/span><\/li>\n<li style=\"font-weight: 400;\" aria-level=\"1\"><span style=\"font-weight: 400;\">Fornecer relat\u00f3rios e an\u00e1lises de SEO.<\/span><\/li>\n<li style=\"font-weight: 400;\" aria-level=\"1\"><span style=\"font-weight: 400;\">Melhorar a experi\u00eancia do usu\u00e1rio.<\/span><\/li>\n<li style=\"font-weight: 400;\" aria-level=\"1\"><span style=\"font-weight: 400;\">Realizar an\u00e1lises e marketing (somente com consentimento).<\/span><\/li>\n<\/ul>\n<h2><b>4. Fundamento Jur\u00eddico<\/b><\/h2>\n<p><span style=\"font-weight: 400;\">Processamos os dados com base em:<\/span><\/p>\n<ul>\n<li style=\"font-weight: 400;\" aria-level=\"1\"><b>Necessidade contratual:<\/b><span style=\"font-weight: 400;\"> Para fornecer funcionalidades de SEO para lojas.<\/span><\/li>\n<li style=\"font-weight: 400;\" aria-level=\"1\"><b>Consentimento:<\/b><span style=\"font-weight: 400;\"> Para a API Meta Conversions (e-mail criptografado, an\u00e1lises, remarketing), os usu\u00e1rios ser\u00e3o informados e dever\u00e3o dar seu consentimento antes da ativa\u00e7\u00e3o.<\/span><\/li>\n<li style=\"font-weight: 400;\" aria-level=\"1\"><b>Interesses leg\u00edtimos:<\/b><span style=\"font-weight: 400;\"> Para melhorar e garantir a seguran\u00e7a dos nossos servi\u00e7os.<\/span><\/li>\n<\/ul>\n<p><span style=\"font-weight: 400;\">Tamb\u00e9m cumprimos <\/span><a href=\"https:\/\/help.shopify.com\/en\/manual\/privacy-and-security\/privacy\/gdpr\" target=\"_blank\" rel=\"noopener\"><b>Pol\u00edticas de GDPR da Shopify<\/b><\/a><span style=\"font-weight: 400;\">.<\/span><\/p>\n<h2><b>5. Partilha de dados<\/b><\/h2>\n<p><span style=\"font-weight: 400;\">Podemos compartilhar dados com:<\/span><\/p>\n<ul>\n<li style=\"font-weight: 400;\" aria-level=\"1\"><span style=\"font-weight: 400;\">Shopify (faturamento e funcionalidades do aplicativo).<\/span><\/li>\n<li style=\"font-weight: 400;\" aria-level=\"1\"><span style=\"font-weight: 400;\">Fornecedores de an\u00e1lises (Google Analytics, Meta Ads, etc.).<\/span><\/li>\n<li style=\"font-weight: 400;\" aria-level=\"1\"><span style=\"font-weight: 400;\">Parceiros de hospedagem e infraestrutura.<\/span><\/li>\n<\/ul>\n<p><span style=\"font-weight: 400;\">Todos os parceiros est\u00e3o sujeitos a obriga\u00e7\u00f5es de prote\u00e7\u00e3o de dados.<\/span><\/p>\n<h2><b>6. Comunica\u00e7\u00e3o de Marketing<\/b><\/h2>\n<p><span style=\"font-weight: 400;\">Se voc\u00ea fornecer seu endere\u00e7o de e-mail \u00e0 StoreSEO (por exemplo, durante a instala\u00e7\u00e3o, inscri\u00e7\u00e3o na newsletter ou suporte ao cliente), poderemos us\u00e1-lo para enviar comunica\u00e7\u00f5es de marketing, atualiza\u00e7\u00f5es de produtos, promo\u00e7\u00f5es e conte\u00fado educativo relacionados aos produtos StoreSEO e Storeware.<\/span><\/p>\n<p><span style=\"font-weight: 400;\">Voc\u00ea pode cancelar o recebimento de e-mails de marketing a qualquer momento clicando no link de cancelamento de inscri\u00e7\u00e3o em nossos e-mails ou entrando em contato conosco diretamente.<\/span><\/p>\n<p><span style=\"font-weight: 400;\">Nunca venderemos ou compartilharemos seu endere\u00e7o de e-mail para fins de marketing de terceiros.<\/span><\/p>\n<h2><b>7. Reten\u00e7\u00e3o de Dados<\/b><\/h2>\n<p><span style=\"font-weight: 400;\">Conservamos os dados apenas pelo tempo necess\u00e1rio. Ao desinstalar o StoreSEO, os dados da sua conta s\u00e3o exclu\u00eddos ou anonimizados dentro de um prazo razo\u00e1vel, sujeito aos requisitos legais.<\/span><\/p>\n<h2><b>8. Direitos do Usu\u00e1rio<\/b><\/h2>\n<p><span style=\"font-weight: 400;\">Voc\u00ea tem o direito a:<\/span><\/p>\n<ul>\n<li style=\"font-weight: 400;\" aria-level=\"1\"><span style=\"font-weight: 400;\">Acesse seus dados.<\/span><\/li>\n<li style=\"font-weight: 400;\" aria-level=\"1\"><span style=\"font-weight: 400;\">Solicitar corre\u00e7\u00e3o ou exclus\u00e3o.<\/span><\/li>\n<li style=\"font-weight: 400;\" aria-level=\"1\"><span style=\"font-weight: 400;\">Objeto ao processamento.<\/span><\/li>\n<li style=\"font-weight: 400;\" aria-level=\"1\"><span style=\"font-weight: 400;\">Retirar o consentimento (quando aplic\u00e1vel).<\/span><\/li>\n<\/ul>\n<p><span style=\"font-weight: 400;\">Entre em contato conosco para exercer esses direitos.<\/span><\/p>\n<h2><b>9. Seguran\u00e7a de Dados<\/b><\/h2>\n<p><span style=\"font-weight: 400;\">Utilizamos criptografia, infraestrutura segura e controles de acesso para proteger os dados.<\/span><\/p>\n<h2><b>10. Transfer\u00eancias Internacionais<\/b><\/h2>\n<p><span style=\"font-weight: 400;\">Caso os dados sejam transferidos para fora da sua regi\u00e3o (por exemplo, para o Espa\u00e7o Econ\u00f4mico Europeu), ser\u00e3o aplicadas salvaguardas como as Cl\u00e1usulas Contratuais Padr\u00e3o.<\/span><\/p>\n<h2><b>11. Cookies e Pixels<\/b><\/h2>\n<p><span style=\"font-weight: 400;\">Usamos cookies e tecnologias semelhantes para melhorar o desempenho. O rastreamento por pixel que usa e-mail criptografado requer <\/span><b>consentimento do usu\u00e1rio<\/b><span style=\"font-weight: 400;\"> antes da ativa\u00e7\u00e3o.<\/span><\/p>\n<h2><b>12. Atualiza\u00e7\u00f5es de Pol\u00edticas<\/b><\/h2>\n<p><span style=\"font-weight: 400;\">Podemos atualizar esta Pol\u00edtica de Privacidade. O uso continuado ap\u00f3s as altera\u00e7\u00f5es indica a aceita\u00e7\u00e3o.<\/span><\/p>\n<h2><b>13. Contato<\/b><\/h2>\n<p><span style=\"font-weight: 400;\">Tem alguma d\u00favida? Entre em contato conosco atrav\u00e9s de: <\/span><a href=\"https:\/\/storeseo.com\/pt\/contact-us\/\"><b>https:\/\/storeseo.com\/contact-us\/<\/b><\/a><b>\u00a0<\/b><\/p>","protected":false},"excerpt":{"rendered":"<p>Last Updated: 7th October, 2025 This Privacy Policy explains how StoreSEO collects, uses, and protects your data. 1. Introduction StoreSEO is committed to protecting your privacy. This policy explains what data we collect, why, and how you can exercise your rights. 2. Data We Collect Basic Information of Shopify Store: For personalized reporting Additional Shopify [&hellip;]<\/p>\n","protected":false},"author":3,"featured_media":11708,"parent":0,"menu_order":0,"comment_status":"closed","ping_status":"closed","template":"","meta":{"_eb_attr":"","inline_featured_image":false,"_eb_data_table":"","footnotes":""},"class_list":["post-473","page","type-page","status-publish","has-post-thumbnail","hentry"],"_links":{"self":[{"href":"https:\/\/storeseo.com\/pt\/wp-json\/wp\/v2\/pages\/473","targetHints":{"allow":["GET"]}}],"collection":[{"href":"https:\/\/storeseo.com\/pt\/wp-json\/wp\/v2\/pages"}],"about":[{"href":"https:\/\/storeseo.com\/pt\/wp-json\/wp\/v2\/types\/page"}],"author":[{"embeddable":true,"href":"https:\/\/storeseo.com\/pt\/wp-json\/wp\/v2\/users\/3"}],"replies":[{"embeddable":true,"href":"https:\/\/storeseo.com\/pt\/wp-json\/wp\/v2\/comments?post=473"}],"version-history":[{"count":49,"href":"https:\/\/storeseo.com\/pt\/wp-json\/wp\/v2\/pages\/473\/revisions"}],"predecessor-version":[{"id":13311,"href":"https:\/\/storeseo.com\/pt\/wp-json\/wp\/v2\/pages\/473\/revisions\/13311"}],"wp:featuredmedia":[{"embeddable":true,"href":"https:\/\/storeseo.com\/pt\/wp-json\/wp\/v2\/media\/11708"}],"wp:attachment":[{"href":"https:\/\/storeseo.com\/pt\/wp-json\/wp\/v2\/media?parent=473"}],"curies":[{"name":"wp","href":"https:\/\/api.w.org\/{rel}","templated":true}]}}