{"id":9,"date":"2021-08-01T11:36:53","date_gmt":"2021-08-01T11:36:53","guid":{"rendered":"https:\/\/storeseo.com\/?page_id=9"},"modified":"2026-01-13T05:51:52","modified_gmt":"2026-01-13T05:51:52","slug":"docs","status":"publish","type":"page","link":"https:\/\/storeseo.com\/pt\/docs\/","title":{"rendered":"Documentos"},"content":{"rendered":"<div data-elementor-type=\"wp-page\" data-elementor-id=\"9\" class=\"elementor elementor-9\" data-elementor-post-type=\"page\">\n\t\t\t\t\t\t<section data-particle_enable=\"false\" data-particle-mobile-disabled=\"false\" class=\"elementor-section elementor-top-section elementor-element elementor-element-28b488b elementor-section-boxed elementor-section-height-default elementor-section-height-default\" data-id=\"28b488b\" data-element_type=\"section\" data-e-type=\"section\" data-settings=\"{&quot;background_background&quot;:&quot;classic&quot;}\">\n\t\t\t\t\t\t<div class=\"elementor-container elementor-column-gap-no\">\n\t\t\t\t\t<div class=\"elementor-column elementor-col-100 elementor-top-column elementor-element elementor-element-441c8de\" data-id=\"441c8de\" data-element_type=\"column\" data-e-type=\"column\">\n\t\t\t<div class=\"elementor-widget-wrap elementor-element-populated\">\n\t\t\t\t\t\t<div class=\"elementor-element elementor-element-d650217 elementor-widget elementor-widget-heading\" data-id=\"d650217\" data-element_type=\"widget\" data-e-type=\"widget\" data-widget_type=\"heading.default\">\n\t\t\t\t<div class=\"elementor-widget-container\">\n\t\t\t\t\t<h2 class=\"elementor-heading-title elementor-size-default\">Como podemos te ajudar?<\/h2>\t\t\t\t<\/div>\n\t\t\t\t<\/div>\n\t\t\t\t<div class=\"elementor-element elementor-element-74c557c elementor-widget elementor-widget-betterdocs-search-form\" data-id=\"74c557c\" data-element_type=\"widget\" data-e-type=\"widget\" data-widget_type=\"betterdocs-search-form.default\">\n\t\t\t\t\t<div\n\tclass=\"betterdocs-elementor betterdocs-search-form-wrapper\">\n\t<div class=\"betterdocs-live-search\">\n\t\n\t<form class=\"betterdocs-searchform betterdocs-advance-searchform\" action=\"\">\n\t\t<div class=\"betterdocs-searchform-input-wrap\">\n\t\t\t<svg class=\"docs-search-icon\" xmlns=\"http:\/\/www.w3.org\/2000\/svg\" xmlns:xlink=\"http:\/\/www.w3.org\/1999\/xlink\" width=\"38px\" viewbox=\"0 0 50 50\" version=\"1.1\">\n\t\t\t\t<g id=\"surface1\">\n\t\t\t\t\t<path d=\"M 21 3 C 11.601563 3 4 10.601563 4 20 C 4 29.398438 11.601563 37 21 37 C 24.355469 37 27.460938 36.015625 30.09375 34.34375 L 42.375 46.625 L 46.625 42.375 L 34.5 30.28125 C 36.679688 27.421875 38 23.878906 38 20 C 38 10.601563 30.398438 3 21 3 Z M 21 7 C 28.199219 7 34 12.800781 34 20 C 34 27.199219 28.199219 33 21 33 C 13.800781 33 8 27.199219 8 20 C 8 12.800781 13.800781 7 21 7 Z \"><\/path>\n\t\t\t\t<\/g>\n\t\t\t<\/svg>\n\t\t\t<input type=\"text\" class=\"betterdocs-search-field\" name=\"s\" aria-label=\"Entrada de pesquisa\" placeholder=\"Pesquisar documentos\" autocomplete=\"off\" value=\"\">\n\t\t\t<svg class=\"docs-search-loader\" width=\"38\" height=\"38\" viewbox=\"0 0 38 38\" xmlns=\"http:\/\/www.w3.org\/2000\/svg\" stroke=\"#444b54\">\n\t\t\t\t<g fill=\"none\" fill-rule=\"evenodd\">\n\t\t\t\t\t<g transform=\"translate(1 1)\" stroke-width=\"2\">\n\t\t\t\t\t\t<circle stroke-opacity=\".5\" cx=\"18\" cy=\"18\" r=\"18\" \/>\n\t\t\t\t\t\t<path d=\"M36 18c0-9.94-8.06-18-18-18\">\n\t\t\t\t\t\t\t<animatetransform attributename=\"transform\" type=\"rotate\" from=\"0 18 18\" to=\"360 18 18\" dur=\"1s\" repeatcount=\"indefinite\" \/>\n\t\t\t\t\t\t<\/path>\n\t\t\t\t\t<\/g>\n\t\t\t\t<\/g>\n\t\t\t<\/svg>\n\t\t\t<svg class=\"docs-search-close\" xmlns=\"http:\/\/www.w3.org\/2000\/svg\" width=\"38px\" viewbox=\"0 0 128 128\">\n\t\t\t\t<path fill=\"#fff\" d=\"M64 14A50 50 0 1 0 64 114A50 50 0 1 0 64 14Z\" transform=\"rotate(-45.001 64 64.001)\"><\/path>\n\t\t\t\t<path class=\"close-border\" d=\"M64,117c-14.2,0-27.5-5.5-37.5-15.5c-20.7-20.7-20.7-54.3,0-75C36.5,16.5,49.8,11,64,11c14.2,0,27.5,5.5,37.5,15.5c10,10,15.5,23.3,15.5,37.5s-5.5,27.5-15.5,37.5C91.5,111.5,78.2,117,64,117z M64,17c-12.6,0-24.4,4.9-33.2,13.8c-18.3,18.3-18.3,48.1,0,66.5C39.6,106.1,51.4,111,64,111c12.6,0,24.4-4.9,33.2-13.8S111,76.6,111,64s-4.9-24.4-13.8-33.2S76.6,17,64,17z\"><\/path>\n\t\t\t\t<path class=\"close-line\" d=\"M53.4,77.6c-0.8,0-1.5-0.3-2.1-0.9c-1.2-1.2-1.2-3.1,0-4.2l21.2-21.2c1.2-1.2,3.1-1.2,4.2,0c1.2,1.2,1.2,3.1,0,4.2L55.5,76.7C54.9,77.3,54.2,77.6,53.4,77.6z\"><\/path>\n\t\t\t\t<path class=\"close-line\" d=\"M74.6,77.6c-0.8,0-1.5-0.3-2.1-0.9L51.3,55.5c-1.2-1.2-1.2-3.1,0-4.2c1.2-1.2,3.1-1.2,4.2,0l21.2,21.2c1.2,1.2,1.2,3.1,0,4.2C76.1,77.3,75.4,77.6,74.6,77.6z\"><\/path>\n\t\t\t<\/svg>\n\t\t<\/div>\n\n\t\t<input\n        class=\"search-submit\"\n        type=\"submit\"\n        value=\"Procurar\"\n        aria-label=\"Enviar pesquisa\">\t\t<input type=\"hidden\" value=\"Search\" aria-label=\"Pesquisar Enviar\" class=\"betterdocs-search-submit\" \/>\n\t<input type=\"hidden\" name=\"trp-form-language\" value=\"pt\"\/><\/form>\n\n\t<\/div>\n<\/div>\n\t\t\t\t<\/div>\n\t\t\t\t\t<\/div>\n\t\t<\/div>\n\t\t\t\t\t<\/div>\n\t\t<\/section>\n\t\t\t\t<section data-particle_enable=\"false\" data-particle-mobile-disabled=\"false\" class=\"elementor-section elementor-top-section elementor-element elementor-element-4662e30 elementor-section-boxed elementor-section-height-default elementor-section-height-default\" data-id=\"4662e30\" data-element_type=\"section\" data-e-type=\"section\" data-settings=\"{&quot;background_background&quot;:&quot;classic&quot;}\">\n\t\t\t\t\t\t<div class=\"elementor-container elementor-column-gap-no\">\n\t\t\t\t\t<div class=\"elementor-column elementor-col-100 elementor-top-column elementor-element elementor-element-a253dfe\" data-id=\"a253dfe\" data-element_type=\"column\" data-e-type=\"column\">\n\t\t\t<div class=\"elementor-widget-wrap elementor-element-populated\">\n\t\t\t\t\t\t<div class=\"elementor-element elementor-element-44cbb5c elementor-widget elementor-widget-betterdocs-category-box\" data-id=\"44cbb5c\" data-element_type=\"widget\" data-e-type=\"widget\" data-widget_type=\"betterdocs-category-box.default\">\n\t\t\t\t\t\n<div\n\tid=\"el-betterdocs-cat-box-44cbb5c\" class=\"betterdocs-category-box-wrapper betterdocs-category-box-folder-wrapper el-layout-4 betterdocs-elementor\">\n\t<div\n\t\tclass=\"betterdocs-category-box-inner-wrapper betterdocs-categories-folder layout-4 docs-col-4\" style=\"--column: 4;--count: 3;--reminder: 3;\">\n\t\t\n<a\n\thref=\"https:\/\/storeseo.com\/pt\/docs-category\/getting-started\/\" data-id=\"7\" class=\"category-box category-getting-started layout-4 no-border-bottom\">\n\t<div class=\"betterdocs-single-category-inner\">\n\t\t\n<div class=\"betterdocs-category-header\">\n\t<div class=\"betterdocs-category-header-inner\">\n\t\t\n<div class=\"betterdocs-category-icon\">\n\t<span class=\"betterdocs-folder-icon\"><img decoding=\"async\" alt=\"\" class=\"betterdocs-category-folder-img\" src=\"https:\/\/storeseo.com\/wp-content\/uploads\/2025\/10\/get-started.svg\" title=\"\"><\/span><\/div>\n<div class=\"betterdocs-dynamic-wrapper betterdocs-category-title-counts\"><h2 class=\"betterdocs-category-title\">Come\u00e7ando<\/h2>\n<div data-count=\"6\" class=\"betterdocs-sub-category-items-counts\">\n\t\t<span>\n\t\t 6 Documentos\t<\/span>\n<\/div>\n<p class=\"betterdocs-last-update\">\n\t\u00daltima atualiza\u00e7\u00e3o: 15 de julho de 2025<\/p>\n\n<\/div>\t<\/div>\n<\/div>\n\t<\/div>\n<\/a>\n\n<a\n\thref=\"https:\/\/storeseo.com\/pt\/docs-category\/faq\/\" data-id=\"6\" class=\"category-box category-faq layout-4 no-border-bottom\">\n\t<div class=\"betterdocs-single-category-inner\">\n\t\t\n<div class=\"betterdocs-category-header\">\n\t<div class=\"betterdocs-category-header-inner\">\n\t\t\n<div class=\"betterdocs-category-icon\">\n\t<span class=\"betterdocs-folder-icon\"><img decoding=\"async\" alt=\"\" class=\"betterdocs-category-folder-img\" src=\"https:\/\/storeseo.com\/wp-content\/uploads\/2025\/10\/faq.svg\" title=\"\"><\/span><\/div>\n<div class=\"betterdocs-dynamic-wrapper betterdocs-category-title-counts\"><h2 class=\"betterdocs-category-title\">Perguntas frequentes<\/h2>\n<div data-count=\"17\" class=\"betterdocs-sub-category-items-counts\">\n\t\t<span>\n\t\t 17 Documentos\t<\/span>\n<\/div>\n<p class=\"betterdocs-last-update\">\n\t\u00daltima atualiza\u00e7\u00e3o: 12 de outubro de 2025<\/p>\n\n<\/div>\t<\/div>\n<\/div>\n\t<\/div>\n<\/a>\n\n<a\n\thref=\"https:\/\/storeseo.com\/pt\/docs-category\/configurations\/\" data-id=\"8\" class=\"category-box category-configurations layout-4 no-border-bottom\">\n\t<div class=\"betterdocs-single-category-inner\">\n\t\t\n<div class=\"betterdocs-category-header\">\n\t<div class=\"betterdocs-category-header-inner\">\n\t\t\n<div class=\"betterdocs-category-icon\">\n\t<span class=\"betterdocs-folder-icon\"><img decoding=\"async\" alt=\"\" class=\"betterdocs-category-folder-img\" src=\"https:\/\/storeseo.com\/wp-content\/uploads\/2025\/10\/config.svg\" title=\"\"><\/span><\/div>\n<div class=\"betterdocs-dynamic-wrapper betterdocs-category-title-counts\"><h2 class=\"betterdocs-category-title\">Configura\u00e7\u00f5es<\/h2>\n<div data-count=\"38\" class=\"betterdocs-sub-category-items-counts\">\n\t\t<span>\n\t\t 38 Docs\t<\/span>\n<\/div>\n<p class=\"betterdocs-last-update\">\n\tLast Updated: Abril 13, 2026<\/p>\n\n<\/div>\t<\/div>\n<\/div>\n\t<\/div>\n<\/a>\n\t<\/div>\n\t\t<div class=\"clearfix\"><\/div>\n\t<\/div>\n\t\t\t\t<\/div>\n\t\t\t\t\t<\/div>\n\t\t<\/div>\n\t\t\t\t\t<\/div>\n\t\t<\/section>\n\t\t\t\t<section data-particle_enable=\"false\" data-particle-mobile-disabled=\"false\" class=\"elementor-section elementor-top-section elementor-element elementor-element-6253d98 elementor-section-boxed elementor-section-height-default elementor-section-height-default\" data-id=\"6253d98\" data-element_type=\"section\" data-e-type=\"section\" data-settings=\"{&quot;background_background&quot;:&quot;classic&quot;}\">\n\t\t\t\t\t\t<div class=\"elementor-container elementor-column-gap-no\">\n\t\t\t\t\t<div class=\"elementor-column elementor-col-50 elementor-top-column elementor-element elementor-element-b1d6940\" data-id=\"b1d6940\" data-element_type=\"column\" data-e-type=\"column\">\n\t\t\t<div class=\"elementor-widget-wrap elementor-element-populated\">\n\t\t\t\t\t\t<div class=\"elementor-element elementor-element-6fd4e77 elementor-widget elementor-widget-heading\" data-id=\"6fd4e77\" data-element_type=\"widget\" data-e-type=\"widget\" data-widget_type=\"heading.default\">\n\t\t\t\t<div class=\"elementor-widget-container\">\n\t\t\t\t\t<h2 class=\"elementor-heading-title elementor-size-default\">Perguntas frequentes<\/h2>\t\t\t\t<\/div>\n\t\t\t\t<\/div>\n\t\t\t\t<div class=\"elementor-element elementor-element-9068989 elementor-widget elementor-widget-text-editor\" data-id=\"9068989\" data-element_type=\"widget\" data-e-type=\"widget\" data-widget_type=\"text-editor.default\">\n\t\t\t\t<div class=\"elementor-widget-container\">\n\t\t\t\t\t\t\t\t\tAinda precisa de ajuda? Entre em contato com nossa equipe de suporte dedicada a qualquer momento. \t\t\t\t\t\t\t\t<\/div>\n\t\t\t\t<\/div>\n\t\t\t\t\t<\/div>\n\t\t<\/div>\n\t\t\t\t<div class=\"elementor-column elementor-col-50 elementor-top-column elementor-element elementor-element-4687d37\" data-id=\"4687d37\" data-element_type=\"column\" data-e-type=\"column\">\n\t\t\t<div class=\"elementor-widget-wrap elementor-element-populated\">\n\t\t\t\t\t\t<div class=\"elementor-element elementor-element-7d8a6f5 elementor-widget elementor-widget-eael-adv-accordion\" data-id=\"7d8a6f5\" data-element_type=\"widget\" data-e-type=\"widget\" data-widget_type=\"eael-adv-accordion.default\">\n\t\t\t\t<div class=\"elementor-widget-container\">\n\t\t\t\t\t            <div class=\"eael-adv-accordion\" id=\"eael-adv-accordion-7d8a6f5\" data-scroll-on-click=\"no\" data-scroll-speed=\"300\" data-accordion-id=\"7d8a6f5\" data-accordion-type=\"accordion\" data-toogle-speed=\"300\">\n            <div class=\"eael-accordion-list\">\n\t\t\t\t\t<div id=\"what-is-the-storeseo-documentation-page\" class=\"elementor-tab-title eael-accordion-header active-default\" tabindex=\"0\" data-tab=\"1\" aria-controls=\"elementor-tab-content-1311\"><span class=\"eael-accordion-tab-title\">O que \u00e9 a p\u00e1gina de documenta\u00e7\u00e3o do StoreSEO?<\/span><i aria-hidden=\"true\" class=\"fa-toggle fas fa-angle-down\"><\/i><\/div><div id=\"elementor-tab-content-1311\" class=\"eael-accordion-content clearfix active-default\" data-tab=\"1\" aria-labelledby=\"what-is-the-storeseo-documentation-page\">A p\u00e1gina de documenta\u00e7\u00e3o do StoreSEO serve como o centro de recursos oficial do StoreSEO, fornecendo guias, tutoriais e detalhes t\u00e9cnicos para ajudar os usu\u00e1rios a implementar e otimizar o SEO para lojas de com\u00e9rcio eletr\u00f4nico. Ela abrange t\u00f3picos como instala\u00e7\u00e3o, configura\u00e7\u00e3o e boas pr\u00e1ticas para plataformas como o Shopify.<\/div>\n\t\t\t\t\t<\/div><div class=\"eael-accordion-list\">\n\t\t\t\t\t<div id=\"what-topics-are-covered-in-the-storeseo-documentation\" class=\"elementor-tab-title eael-accordion-header\" tabindex=\"0\" data-tab=\"2\" aria-controls=\"elementor-tab-content-1312\"><span class=\"eael-accordion-tab-title\">Quais t\u00f3picos s\u00e3o abordados na documenta\u00e7\u00e3o do StoreSEO?<\/span><i aria-hidden=\"true\" class=\"fa-toggle fas fa-angle-down\"><\/i><\/div><div id=\"elementor-tab-content-1312\" class=\"eael-accordion-content clearfix\" data-tab=\"2\" aria-labelledby=\"what-topics-are-covered-in-the-storeseo-documentation\">A documenta\u00e7\u00e3o geralmente inclui se\u00e7\u00f5es sobre como come\u00e7ar a usar o StoreSEO, integr\u00e1-lo \u00e0 sua plataforma de loja, otimizar p\u00e1ginas de produtos para mecanismos de busca, lidar com a marca\u00e7\u00e3o de esquema e monitorar m\u00e9tricas de desempenho. Se voc\u00ea for iniciante, comece com o guia de instala\u00e7\u00e3o para uma configura\u00e7\u00e3o r\u00e1pida.<\/div>\n\t\t\t\t\t<\/div><div class=\"eael-accordion-list\">\n\t\t\t\t\t<div id=\"is-there-support-available-if-i-encounter-issues-using-storeseo\" class=\"elementor-tab-title eael-accordion-header\" tabindex=\"0\" data-tab=\"3\" aria-controls=\"elementor-tab-content-1313\"><span class=\"eael-accordion-tab-title\">Existe algum suporte dispon\u00edvel caso eu encontre problemas ao usar o StoreSEO?<\/span><i aria-hidden=\"true\" class=\"fa-toggle fas fa-angle-down\"><\/i><\/div><div id=\"elementor-tab-content-1313\" class=\"eael-accordion-content clearfix\" data-tab=\"3\" aria-labelledby=\"is-there-support-available-if-i-encounter-issues-using-storeseo\">Sim, a documenta\u00e7\u00e3o do StoreSEO geralmente inclui uma se\u00e7\u00e3o de solu\u00e7\u00e3o de problemas para quest\u00f5es comuns. Al\u00e9m disso, voc\u00ea pode entrar em contato com o suporte.\u00a0<b><a href=\"https:\/\/storeseo.com\/pt\/support\/\" target=\"_blank\">Equipe de suporte da StoreSEO<\/a><\/b>\u00a0Para obter assist\u00eancia personalizada, utilize as informa\u00e7\u00f5es de contato fornecidas na p\u00e1gina.<\/div>\n\t\t\t\t\t<\/div><\/div>\t\t\t\t<\/div>\n\t\t\t\t<\/div>\n\t\t\t\t\t<\/div>\n\t\t<\/div>\n\t\t\t\t\t<\/div>\n\t\t<\/section>\n\t\t\t\t<\/div>","protected":false},"excerpt":{"rendered":"<p>How can we help you? Getting Started 6 Docs Last Updated: July 15, 2025 FAQ 17 Docs Last Updated: October 12, 2025 Configurations 34 Docs Last Updated: January 6, 2026 Frequently Asked Questions Still Need Help? Reach out to our dedicated support team anytime What is the StoreSEO documentation page?The StoreSEO documentation page serves as [&hellip;]<\/p>\n","protected":false},"author":3,"featured_media":0,"parent":0,"menu_order":0,"comment_status":"closed","ping_status":"closed","template":"elementor_header_footer","meta":{"_eb_attr":"","inline_featured_image":false,"_eb_data_table":"","footnotes":""},"class_list":["post-9","page","type-page","status-publish","hentry"],"_links":{"self":[{"href":"https:\/\/storeseo.com\/pt\/wp-json\/wp\/v2\/pages\/9","targetHints":{"allow":["GET"]}}],"collection":[{"href":"https:\/\/storeseo.com\/pt\/wp-json\/wp\/v2\/pages"}],"about":[{"href":"https:\/\/storeseo.com\/pt\/wp-json\/wp\/v2\/types\/page"}],"author":[{"embeddable":true,"href":"https:\/\/storeseo.com\/pt\/wp-json\/wp\/v2\/users\/3"}],"replies":[{"embeddable":true,"href":"https:\/\/storeseo.com\/pt\/wp-json\/wp\/v2\/comments?post=9"}],"version-history":[{"count":111,"href":"https:\/\/storeseo.com\/pt\/wp-json\/wp\/v2\/pages\/9\/revisions"}],"predecessor-version":[{"id":14119,"href":"https:\/\/storeseo.com\/pt\/wp-json\/wp\/v2\/pages\/9\/revisions\/14119"}],"wp:attachment":[{"href":"https:\/\/storeseo.com\/pt\/wp-json\/wp\/v2\/media?parent=9"}],"curies":[{"name":"wp","href":"https:\/\/api.w.org\/{rel}","templated":true}]}}